{"id":520,"date":"2023-01-06T23:29:11","date_gmt":"2023-01-06T23:29:11","guid":{"rendered":"https:\/\/definity.se\/?post_type=product&#038;p=520"},"modified":"2023-01-09T10:06:00","modified_gmt":"2023-01-09T10:06:00","slug":"langa-koppel","status":"publish","type":"product","link":"https:\/\/definity.se\/index.php\/langa-koppel\/","title":{"rendered":"L\u00e5nga Koppel"},"content":{"rendered":"","protected":false},"excerpt":{"rendered":"<p><b>L\u00e5nga koppel <\/b>till nose work, 4 f\u00e4rger svart, cerise, bl\u00e5tt, r\u00f6tt samt valbar l\u00e4ngd 2meter, 3 meter, 4 meter som alternativ.<\/p>\n","protected":false},"featured_media":0,"template":"","meta":{"_et_pb_use_builder":"","_et_pb_old_content":"","_et_gb_content_width":""},"product_brand":[],"product_cat":[30],"product_tag":[],"class_list":{"0":"post-520","1":"product","2":"type-product","3":"status-publish","5":"product_cat-koppel","7":"first","8":"instock","9":"taxable","10":"shipping-taxable","11":"purchasable","12":"product-type-variable","13":"has-default-attributes"},"_links":{"self":[{"href":"https:\/\/definity.se\/index.php\/wp-json\/wp\/v2\/product\/520","targetHints":{"allow":["GET"]}}],"collection":[{"href":"https:\/\/definity.se\/index.php\/wp-json\/wp\/v2\/product"}],"about":[{"href":"https:\/\/definity.se\/index.php\/wp-json\/wp\/v2\/types\/product"}],"wp:attachment":[{"href":"https:\/\/definity.se\/index.php\/wp-json\/wp\/v2\/media?parent=520"}],"wp:term":[{"taxonomy":"product_brand","embeddable":true,"href":"https:\/\/definity.se\/index.php\/wp-json\/wp\/v2\/product_brand?post=520"},{"taxonomy":"product_cat","embeddable":true,"href":"https:\/\/definity.se\/index.php\/wp-json\/wp\/v2\/product_cat?post=520"},{"taxonomy":"product_tag","embeddable":true,"href":"https:\/\/definity.se\/index.php\/wp-json\/wp\/v2\/product_tag?post=520"}],"curies":[{"name":"wp","href":"https:\/\/api.w.org\/{rel}","templated":true}]}}