{"id":510,"date":"2023-01-06T23:23:35","date_gmt":"2023-01-06T23:23:35","guid":{"rendered":"https:\/\/definity.se\/?post_type=product&#038;p=510"},"modified":"2023-01-06T23:23:35","modified_gmt":"2023-01-06T23:23:35","slug":"antiglidkoppel","status":"publish","type":"product","link":"https:\/\/definity.se\/index.php\/antiglidkoppel\/","title":{"rendered":"Antiglidkoppel"},"content":{"rendered":"<p><b><span lang=\"SV\">&#8221;Antiglidkoppel&#8221; (<\/span><\/b><span lang=\"SV\">\u00a0l\u00e4ngd 190 cm, 2 cm brett. 4 f\u00e4rger att v\u00e4lja p\u00e5 svart, cerise, r\u00f6tt, bl\u00e5tt PRIS 149 SEK + frakt<\/span><\/p>\n","protected":false},"excerpt":{"rendered":"<p>&#8221;Antiglidkoppel&#8221; (\u00a0l\u00e4ngd 190 cm, 2 cm brett. 4 f\u00e4rger att v\u00e4lja p\u00e5 svart, cerise, r\u00f6tt, bl\u00e5tt PRIS 149 SEK + frakt<\/p>\n","protected":false},"featured_media":515,"template":"","meta":{"_et_pb_use_builder":"","_et_pb_old_content":"","_et_gb_content_width":""},"product_brand":[],"product_cat":[30],"product_tag":[],"class_list":{"0":"post-510","1":"product","2":"type-product","3":"status-publish","4":"has-post-thumbnail","6":"product_cat-koppel","8":"first","9":"instock","10":"taxable","11":"shipping-taxable","12":"purchasable","13":"product-type-variable"},"_links":{"self":[{"href":"https:\/\/definity.se\/index.php\/wp-json\/wp\/v2\/product\/510","targetHints":{"allow":["GET"]}}],"collection":[{"href":"https:\/\/definity.se\/index.php\/wp-json\/wp\/v2\/product"}],"about":[{"href":"https:\/\/definity.se\/index.php\/wp-json\/wp\/v2\/types\/product"}],"wp:featuredmedia":[{"embeddable":true,"href":"https:\/\/definity.se\/index.php\/wp-json\/wp\/v2\/media\/515"}],"wp:attachment":[{"href":"https:\/\/definity.se\/index.php\/wp-json\/wp\/v2\/media?parent=510"}],"wp:term":[{"taxonomy":"product_brand","embeddable":true,"href":"https:\/\/definity.se\/index.php\/wp-json\/wp\/v2\/product_brand?post=510"},{"taxonomy":"product_cat","embeddable":true,"href":"https:\/\/definity.se\/index.php\/wp-json\/wp\/v2\/product_cat?post=510"},{"taxonomy":"product_tag","embeddable":true,"href":"https:\/\/definity.se\/index.php\/wp-json\/wp\/v2\/product_tag?post=510"}],"curies":[{"name":"wp","href":"https:\/\/api.w.org\/{rel}","templated":true}]}}