{"id":499,"date":"2023-01-06T21:01:23","date_gmt":"2023-01-06T21:01:23","guid":{"rendered":"https:\/\/definity.se\/?post_type=product&#038;p=499"},"modified":"2023-02-23T20:03:01","modified_gmt":"2023-02-23T20:03:01","slug":"textilkoppel","status":"publish","type":"product","link":"https:\/\/definity.se\/index.php\/textilkoppel\/","title":{"rendered":"Textilkoppel"},"content":{"rendered":"","protected":false},"excerpt":{"rendered":"<p><b>Textilkoppel<\/b>&#8221; (L\u00e4ngd 160 cm, 2 cm brett. 10 f\u00e4rger att v\u00e4lja p\u00e5 : svart, cerise, turkos, r\u00f6tt, orange, kornbl\u00e5, lila, vitt, m\u00f6rkbrun, gul)\u00a0 PRIS 129 SEK + frakt.<\/p>\n","protected":false},"featured_media":487,"template":"","meta":{"_et_pb_use_builder":"","_et_pb_old_content":"","_et_gb_content_width":""},"product_brand":[],"product_cat":[30],"product_tag":[],"class_list":{"0":"post-499","1":"product","2":"type-product","3":"status-publish","4":"has-post-thumbnail","6":"product_cat-koppel","8":"first","9":"instock","10":"taxable","11":"shipping-taxable","12":"purchasable","13":"product-type-variable"},"_links":{"self":[{"href":"https:\/\/definity.se\/index.php\/wp-json\/wp\/v2\/product\/499","targetHints":{"allow":["GET"]}}],"collection":[{"href":"https:\/\/definity.se\/index.php\/wp-json\/wp\/v2\/product"}],"about":[{"href":"https:\/\/definity.se\/index.php\/wp-json\/wp\/v2\/types\/product"}],"wp:featuredmedia":[{"embeddable":true,"href":"https:\/\/definity.se\/index.php\/wp-json\/wp\/v2\/media\/487"}],"wp:attachment":[{"href":"https:\/\/definity.se\/index.php\/wp-json\/wp\/v2\/media?parent=499"}],"wp:term":[{"taxonomy":"product_brand","embeddable":true,"href":"https:\/\/definity.se\/index.php\/wp-json\/wp\/v2\/product_brand?post=499"},{"taxonomy":"product_cat","embeddable":true,"href":"https:\/\/definity.se\/index.php\/wp-json\/wp\/v2\/product_cat?post=499"},{"taxonomy":"product_tag","embeddable":true,"href":"https:\/\/definity.se\/index.php\/wp-json\/wp\/v2\/product_tag?post=499"}],"curies":[{"name":"wp","href":"https:\/\/api.w.org\/{rel}","templated":true}]}}