{"id":495,"date":"2023-01-06T20:49:59","date_gmt":"2023-01-06T20:49:59","guid":{"rendered":"https:\/\/definity.se\/?page_id=495"},"modified":"2023-01-06T20:49:59","modified_gmt":"2023-01-06T20:49:59","slug":"kopvillkor","status":"publish","type":"page","link":"https:\/\/definity.se\/index.php\/kopvillkor\/","title":{"rendered":"K\u00f6pvillkor"},"content":{"rendered":"<p>[et_pb_section fb_built=&#8221;1&#8243; theme_builder_area=&#8221;post_content&#8221; _builder_version=&#8221;4.19.4&#8243; _module_preset=&#8221;default&#8221;][et_pb_row _builder_version=&#8221;4.19.4&#8243; _module_preset=&#8221;default&#8221; theme_builder_area=&#8221;post_content&#8221; hover_enabled=&#8221;0&#8243; sticky_enabled=&#8221;0&#8243;][et_pb_column _builder_version=&#8221;4.19.4&#8243; _module_preset=&#8221;default&#8221; type=&#8221;4_4&#8243; theme_builder_area=&#8221;post_content&#8221;][et_pb_text _builder_version=&#8221;4.19.4&#8243; _module_preset=&#8221;default&#8221; theme_builder_area=&#8221;post_content&#8221; hover_enabled=&#8221;0&#8243; sticky_enabled=&#8221;0&#8243;]<\/p>\n<p>K\u00d6PVILLKOR &#8211; Handla tryggt och s\u00e4kert hos defnity.se<\/p>\n<p>Samtliga priser som anges \u00e4r inklusive moms. (SEK)<\/p>\n<p>F\u00f6r att handla p\u00e5 definity.se\u00a0kr\u00e4vs det att du \u00e4r \u00f6ver 18 \u00e5r. Inget krav p\u00e5 minsta orderv\u00e4rde!<\/p>\n<p>&nbsp;<\/p>\n<p>BEST\u00c4LLNING\/ORDERBEKR\u00c4FTELSE<br \/>Vid best\u00e4llning f\u00e5r du en orderbekr\u00e4ftelse via e-mail. Kontrollera att den st\u00e4mmer!<\/p>\n<p>BETALNING<br \/>Sker via swish alternativt faktura till Bankgiro (OBS! f\u00f6rskottsbetalning g\u00e4ller).<br \/>Kontakta mig f\u00f6re k\u00f6p vid fakturabetalning p\u00e5 marie@definity.se<\/p>\n<p>LEVERANS\/FRAKT<br \/>Sp\u00e5rbar frakt fr\u00e5n 39 SEK.<br \/>Leveranstiden \u00e4r mellan 2-10 dagar, beroende p\u00e5 lagerstatus . L\u00e4ngre leveranstider kan f\u00f6rekomma om produkten \u00e4r best\u00e4llninsgvara fr\u00e5n grossist, vid f\u00f6rseningar fr\u00e5n leverant\u00f6ren, under semestertider eller vid h\u00f6gtider .<\/p>\n<p>PRIVAT POLICY<br \/>N\u00e4r du l\u00e4gger din best\u00e4llning hos oss uppger du dina personuppgifter. I samband med din registrering och best\u00e4llning godk\u00e4nner du att vi lagrar och anv\u00e4nder dina uppgifter i v\u00e5r verksamhet f\u00f6r att fullf\u00f6lja avtalet gentemot dig. Du har enligt Personuppgiftslagen r\u00e4tt att f\u00e5 den information som vi har registrerat om dig. Om den \u00e4r felaktig, ofullst\u00e4ndig eller irrelevant kan du beg\u00e4ra att informationen ska r\u00e4ttas eller tas bort. Kontakta oss i s\u00e5 fall via e-post. marie@definity.se<\/p>\n<p>COOKIES<br \/>Denna webbutik anv\u00e4nder sig av cookies enligt Electronic Communications Act, 25 juli 2003. En cookie \u00e4r en liten textfil som lagras p\u00e5 din dator och som inneh\u00e5ller information f\u00f6r att hj\u00e4lpa webbutiken att identifiera och f\u00f6lja anv\u00e4ndare. Cookies finns som sessionscookies och som cookies som lagras permanent p\u00e5 din dator. Under tiden f\u00f6r ditt f\u00f6rsta bes\u00f6k i webbutiken blir din webbl\u00e4sare tilldelad en sessionscookie som \u00e4r unik och som anv\u00e4nds f\u00f6r att inte blanda ihop dig som anv\u00e4ndare med andra anv\u00e4ndare. F\u00f6r att kunna anv\u00e4nda webbutiken b\u00f6r du till\u00e5ta cookies i din webbl\u00e4sare. Denna typ av cookie anv\u00e4nds enbart f\u00f6r att ge dig som bes\u00f6kare en b\u00e4ttre upplevelse och support och lagrar inga personlig uppgifter om dig. Cookies kan raderas. I denna webbutik anv\u00e4nds cookies exempelvis f\u00f6r att h\u00e5lla koll p\u00e5 din kundvagn, dina inst\u00e4llningar och vilka sidor du bes\u00f6kt f\u00f6r att kunna ge dig en b\u00e4ttre kundupplevelse och support.<\/p>\n<p>RETUR\/REKLAMATION<br \/>14 dagars \u00e5ngerr\u00e4tt g\u00e4ller fr\u00e5n det att du mottagit varan. <br \/>Kontakta oss alltid f\u00f6rst p\u00e5 mail marie@defnity.se vid retur\/reklamation. <br \/>Sp\u00e5rbar returfrakt st\u00e5r du som kund f\u00f6r. Returer ska skickas som brev eller paket, inte mot postf\u00f6rskott.<\/p>\n<p>definity.se<br \/>Marie Helenius<br \/>Odens V\u00e4g 4<br \/>461 78 Sjuntorp<\/p>\n<p>F\u00f6ljande varor omfattas inte av \u00e5ngerr\u00e4tt:<br \/>*Broderade &amp; m\u00e5ttbest\u00e4llda halsband.<br \/>*Produkter som anv\u00e4nts eller skadats.<\/p>\n<p>&nbsp;<\/p>\n<p>[\/et_pb_text][\/et_pb_column][\/et_pb_row][\/et_pb_section]<\/p>\n","protected":false},"excerpt":{"rendered":"<p>K\u00d6PVILLKOR &#8211; Handla tryggt och s\u00e4kert hos defnity.se Samtliga priser som anges \u00e4r inklusive moms. (SEK) F\u00f6r att handla p\u00e5 definity.se\u00a0kr\u00e4vs det att du \u00e4r \u00f6ver 18 \u00e5r. Inget krav p\u00e5 minsta orderv\u00e4rde! &nbsp; BEST\u00c4LLNING\/ORDERBEKR\u00c4FTELSEVid best\u00e4llning f\u00e5r du en orderbekr\u00e4ftelse via e-mail. Kontrollera att den st\u00e4mmer! BETALNINGSker via swish alternativt faktura till Bankgiro (OBS! f\u00f6rskottsbetalning [&hellip;]<\/p>\n","protected":false},"author":1,"featured_media":0,"parent":0,"menu_order":0,"comment_status":"closed","ping_status":"closed","template":"","meta":{"_et_pb_use_builder":"on","_et_pb_old_content":"","_et_gb_content_width":"","footnotes":""},"class_list":["post-495","page","type-page","status-publish","hentry"],"_links":{"self":[{"href":"https:\/\/definity.se\/index.php\/wp-json\/wp\/v2\/pages\/495","targetHints":{"allow":["GET"]}}],"collection":[{"href":"https:\/\/definity.se\/index.php\/wp-json\/wp\/v2\/pages"}],"about":[{"href":"https:\/\/definity.se\/index.php\/wp-json\/wp\/v2\/types\/page"}],"author":[{"embeddable":true,"href":"https:\/\/definity.se\/index.php\/wp-json\/wp\/v2\/users\/1"}],"replies":[{"embeddable":true,"href":"https:\/\/definity.se\/index.php\/wp-json\/wp\/v2\/comments?post=495"}],"version-history":[{"count":2,"href":"https:\/\/definity.se\/index.php\/wp-json\/wp\/v2\/pages\/495\/revisions"}],"predecessor-version":[{"id":497,"href":"https:\/\/definity.se\/index.php\/wp-json\/wp\/v2\/pages\/495\/revisions\/497"}],"wp:attachment":[{"href":"https:\/\/definity.se\/index.php\/wp-json\/wp\/v2\/media?parent=495"}],"curies":[{"name":"wp","href":"https:\/\/api.w.org\/{rel}","templated":true}]}}